{"id":103,"date":"2023-06-27T18:01:39","date_gmt":"2023-06-27T18:01:39","guid":{"rendered":"https:\/\/rehaana.hr\/?page_id=103"},"modified":"2023-06-30T14:36:25","modified_gmt":"2023-06-30T14:36:25","slug":"usluge","status":"publish","type":"page","link":"https:\/\/rehaana.hr\/?page_id=103","title":{"rendered":"Usluge"},"content":{"rendered":"\n<div class=\"wp-block-media-text alignwide has-media-on-the-right is-stacked-on-mobile\"><div class=\"wp-block-media-text__content\">\n<p>RehaAna je obrt za njegu i oblikovanje tijela koji je &nbsp;specijaliziran za rad s djecom s neurorazvojnim, neurolo\u0161kim i ortopedskim problemima. Za odrasle nudimo usluge manualne limfne drena\u017ee pod stu\u010dnim vodstvom licencirane fizioterapeutkinje, individualnu medicinsku gimnastiku i postoperativne vje\u017ebe.<\/p>\n\n\n\n<p><br>U svom radu koristimo licencirane tehnike Bobath, Schroth i limfnu ru\u010dnu drena\u017eu, a svoje znanje i iskustvo neprestano nadopunjujemo raznim edukacijama, novim tehnikama i saznanjima koje su usko povezane.<\/p>\n\n\n\n<p>Da bi na\u0161a usluga bila potpunija i kvalitetnija pratimo novitete u dje\u010djoj habilitaciji i rehabilitaciji i upotpunjujemo na\u0161e znanje raznim edukacijama i na tom polju, u \u017eelji da pomognemo djeci i odraslima koji nam se obrate za pomo\u0107.<\/p>\n\n\n\n<p>Nadam se da su na\u0161i rezultati, edukacije i godine iskustva u radu dovoljan razlog da nam se obratite s povjerenjem.<\/p>\n<\/div><figure class=\"wp-block-media-text__media\"><img decoding=\"async\" loading=\"lazy\" width=\"683\" height=\"1024\" src=\"https:\/\/rehaana.hr\/wp-content\/uploads\/2023\/06\/4f49-683x1024.jpg\" alt=\"\" class=\"wp-image-106 size-full\" srcset=\"https:\/\/rehaana.hr\/wp-content\/uploads\/2023\/06\/4f49-683x1024.jpg 683w, https:\/\/rehaana.hr\/wp-content\/uploads\/2023\/06\/4f49-200x300.jpg 200w, https:\/\/rehaana.hr\/wp-content\/uploads\/2023\/06\/4f49-768x1152.jpg 768w, https:\/\/rehaana.hr\/wp-content\/uploads\/2023\/06\/4f49-40x60.jpg 40w, https:\/\/rehaana.hr\/wp-content\/uploads\/2023\/06\/4f49.jpg 1024w\" sizes=\"(max-width: 683px) 100vw, 683px\" \/><\/figure><\/div>\n","protected":false},"excerpt":{"rendered":"<p>RehaAna je obrt za njegu i oblikovanje tijela koji je &nbsp;specijaliziran za rad s djecom s neurorazvojnim, neurolo\u0161kim i ortopedskim problemima. Za odrasle nudimo usluge manualne limfne drena\u017ee pod stu\u010dnim &hellip; <\/p>\n","protected":false},"author":1,"featured_media":0,"parent":0,"menu_order":0,"comment_status":"closed","ping_status":"closed","template":"","meta":[],"yoast_head":"<!-- This site is optimized with the Yoast SEO plugin v19.14 - https:\/\/yoast.com\/wordpress\/plugins\/seo\/ -->\n<title>Usluge -<\/title>\n<meta name=\"description\" content=\"RehaAna je obrt za njegu i oblikovanje tijela koji je \u00a0specijaliziran za rad s djecom s neurorazvojnim, neurolo\u0161kim \u00a0i ortopedskim problemima.\" \/>\n<meta name=\"robots\" content=\"index, follow, max-snippet:-1, max-image-preview:large, max-video-preview:-1\" \/>\n<link rel=\"canonical\" href=\"https:\/\/rehaana.hr\/?page_id=103\" \/>\n<meta property=\"og:locale\" content=\"en_US\" \/>\n<meta property=\"og:type\" content=\"article\" \/>\n<meta property=\"og:title\" content=\"Usluge -\" \/>\n<meta property=\"og:description\" content=\"RehaAna je obrt za njegu i oblikovanje tijela koji je \u00a0specijaliziran za rad s djecom s neurorazvojnim, neurolo\u0161kim \u00a0i ortopedskim problemima.\" \/>\n<meta property=\"og:url\" content=\"https:\/\/rehaana.hr\/?page_id=103\" \/>\n<meta property=\"article:modified_time\" content=\"2023-06-30T14:36:25+00:00\" \/>\n<meta property=\"og:image\" content=\"https:\/\/rehaana.hr\/wp-content\/uploads\/2023\/06\/4f49-683x1024.jpg\" \/>\n<meta name=\"twitter:card\" content=\"summary_large_image\" \/>\n<meta name=\"twitter:label1\" content=\"Est. reading time\" \/>\n\t<meta name=\"twitter:data1\" content=\"1 minute\" \/>\n<script type=\"application\/ld+json\" class=\"yoast-schema-graph\">{\"@context\":\"https:\/\/schema.org\",\"@graph\":[{\"@type\":\"WebPage\",\"@id\":\"https:\/\/rehaana.hr\/?page_id=103\",\"url\":\"https:\/\/rehaana.hr\/?page_id=103\",\"name\":\"Usluge -\",\"isPartOf\":{\"@id\":\"https:\/\/rehaana.hr\/#website\"},\"datePublished\":\"2023-06-27T18:01:39+00:00\",\"dateModified\":\"2023-06-30T14:36:25+00:00\",\"description\":\"RehaAna je obrt za njegu i oblikovanje tijela koji je \u00a0specijaliziran za rad s djecom s neurorazvojnim, neurolo\u0161kim \u00a0i ortopedskim problemima.\",\"breadcrumb\":{\"@id\":\"https:\/\/rehaana.hr\/?page_id=103#breadcrumb\"},\"inLanguage\":\"en-US\",\"potentialAction\":[{\"@type\":\"ReadAction\",\"target\":[\"https:\/\/rehaana.hr\/?page_id=103\"]}]},{\"@type\":\"BreadcrumbList\",\"@id\":\"https:\/\/rehaana.hr\/?page_id=103#breadcrumb\",\"itemListElement\":[{\"@type\":\"ListItem\",\"position\":1,\"name\":\"Home\",\"item\":\"https:\/\/rehaana.hr\/\"},{\"@type\":\"ListItem\",\"position\":2,\"name\":\"Usluge\"}]},{\"@type\":\"WebSite\",\"@id\":\"https:\/\/rehaana.hr\/#website\",\"url\":\"https:\/\/rehaana.hr\/\",\"name\":\"\",\"description\":\"\",\"potentialAction\":[{\"@type\":\"SearchAction\",\"target\":{\"@type\":\"EntryPoint\",\"urlTemplate\":\"https:\/\/rehaana.hr\/?s={search_term_string}\"},\"query-input\":\"required name=search_term_string\"}],\"inLanguage\":\"en-US\"}]}<\/script>\n<!-- \/ Yoast SEO plugin. -->","yoast_head_json":{"title":"Usluge -","description":"RehaAna je obrt za njegu i oblikovanje tijela koji je \u00a0specijaliziran za rad s djecom s neurorazvojnim, neurolo\u0161kim \u00a0i ortopedskim problemima.","robots":{"index":"index","follow":"follow","max-snippet":"max-snippet:-1","max-image-preview":"max-image-preview:large","max-video-preview":"max-video-preview:-1"},"canonical":"https:\/\/rehaana.hr\/?page_id=103","og_locale":"en_US","og_type":"article","og_title":"Usluge -","og_description":"RehaAna je obrt za njegu i oblikovanje tijela koji je \u00a0specijaliziran za rad s djecom s neurorazvojnim, neurolo\u0161kim \u00a0i ortopedskim problemima.","og_url":"https:\/\/rehaana.hr\/?page_id=103","article_modified_time":"2023-06-30T14:36:25+00:00","og_image":[{"url":"https:\/\/rehaana.hr\/wp-content\/uploads\/2023\/06\/4f49-683x1024.jpg"}],"twitter_card":"summary_large_image","twitter_misc":{"Est. reading time":"1 minute"},"schema":{"@context":"https:\/\/schema.org","@graph":[{"@type":"WebPage","@id":"https:\/\/rehaana.hr\/?page_id=103","url":"https:\/\/rehaana.hr\/?page_id=103","name":"Usluge -","isPartOf":{"@id":"https:\/\/rehaana.hr\/#website"},"datePublished":"2023-06-27T18:01:39+00:00","dateModified":"2023-06-30T14:36:25+00:00","description":"RehaAna je obrt za njegu i oblikovanje tijela koji je \u00a0specijaliziran za rad s djecom s neurorazvojnim, neurolo\u0161kim \u00a0i ortopedskim problemima.","breadcrumb":{"@id":"https:\/\/rehaana.hr\/?page_id=103#breadcrumb"},"inLanguage":"en-US","potentialAction":[{"@type":"ReadAction","target":["https:\/\/rehaana.hr\/?page_id=103"]}]},{"@type":"BreadcrumbList","@id":"https:\/\/rehaana.hr\/?page_id=103#breadcrumb","itemListElement":[{"@type":"ListItem","position":1,"name":"Home","item":"https:\/\/rehaana.hr\/"},{"@type":"ListItem","position":2,"name":"Usluge"}]},{"@type":"WebSite","@id":"https:\/\/rehaana.hr\/#website","url":"https:\/\/rehaana.hr\/","name":"","description":"","potentialAction":[{"@type":"SearchAction","target":{"@type":"EntryPoint","urlTemplate":"https:\/\/rehaana.hr\/?s={search_term_string}"},"query-input":"required name=search_term_string"}],"inLanguage":"en-US"}]}},"_links":{"self":[{"href":"https:\/\/rehaana.hr\/index.php?rest_route=\/wp\/v2\/pages\/103"}],"collection":[{"href":"https:\/\/rehaana.hr\/index.php?rest_route=\/wp\/v2\/pages"}],"about":[{"href":"https:\/\/rehaana.hr\/index.php?rest_route=\/wp\/v2\/types\/page"}],"author":[{"embeddable":true,"href":"https:\/\/rehaana.hr\/index.php?rest_route=\/wp\/v2\/users\/1"}],"replies":[{"embeddable":true,"href":"https:\/\/rehaana.hr\/index.php?rest_route=%2Fwp%2Fv2%2Fcomments&post=103"}],"version-history":[{"count":3,"href":"https:\/\/rehaana.hr\/index.php?rest_route=\/wp\/v2\/pages\/103\/revisions"}],"predecessor-version":[{"id":115,"href":"https:\/\/rehaana.hr\/index.php?rest_route=\/wp\/v2\/pages\/103\/revisions\/115"}],"wp:attachment":[{"href":"https:\/\/rehaana.hr\/index.php?rest_route=%2Fwp%2Fv2%2Fmedia&parent=103"}],"curies":[{"name":"wp","href":"https:\/\/api.w.org\/{rel}","templated":true}]}}