{"id":54,"date":"2023-06-27T12:55:20","date_gmt":"2023-06-27T12:55:20","guid":{"rendered":"https:\/\/rehaana.hr\/?page_id=54"},"modified":"2023-06-27T12:55:21","modified_gmt":"2023-06-27T12:55:21","slug":"baby-handling","status":"publish","type":"page","link":"https:\/\/rehaana.hr\/?page_id=54","title":{"rendered":"Baby handling"},"content":{"rendered":"\n<div class=\"wp-block-media-text alignwide is-stacked-on-mobile\"><figure class=\"wp-block-media-text__media\"><img decoding=\"async\" loading=\"lazy\" width=\"682\" height=\"1024\" src=\"https:\/\/rehaana.hr\/wp-content\/uploads\/2023\/06\/IMG_75-1-682x1024.jpg\" alt=\"\" class=\"wp-image-64 size-full\" srcset=\"https:\/\/rehaana.hr\/wp-content\/uploads\/2023\/06\/IMG_75-1-682x1024.jpg 682w, https:\/\/rehaana.hr\/wp-content\/uploads\/2023\/06\/IMG_75-1-200x300.jpg 200w, https:\/\/rehaana.hr\/wp-content\/uploads\/2023\/06\/IMG_75-1-768x1153.jpg 768w, https:\/\/rehaana.hr\/wp-content\/uploads\/2023\/06\/IMG_75-1-40x60.jpg 40w, https:\/\/rehaana.hr\/wp-content\/uploads\/2023\/06\/IMG_75-1.jpg 888w\" sizes=\"(max-width: 682px) 100vw, 682px\" \/><\/figure><div class=\"wp-block-media-text__content\">\n<p>Baby handling odnosi se na&nbsp;ispravno&nbsp;postupanje pri svim aktivnostima s djetetom &#8211; podizanje, spu\u0161tanje, previjanje,&nbsp;hranjenje, dr\u017eanje, no\u0161enje i presvla\u010denje bebe.<\/p>\n\n\n\n<p>U&nbsp;prva tri bebina mjeseca&nbsp;vrlo je&nbsp;va\u017eno pravilno dr\u017eati novoro\u0111en\u010de na rukama kako bi se osiguralo da je dijete za\u0161ti\u0107eno, da mu je udobno i da se pravilno razvija. Na na\u0161oj edukaciji nau\u010dit \u0107ete kako pravilno podr\u017eati glavu i vrat bebe, kako je pravilno podizati, spu\u0161tati i nositi, te kako izbje\u0107i mogu\u0107e ozljede ili nelagodu.<\/p>\n\n\n\n<p>Termin Baby handling se razvio \u010detrdesetih godina pro\u0161log stolje\u0107a u sklopu tretmana neurorizi\u010dne djece prema danas jednoj od najra\u0161irenijih metoda neurorazvojne habilitacije &#8211; Bobath terapiji.<\/p>\n\n\n\n<p>Baby handling edukacija je vrijedna investicija koja vam poma\u017ee da postanete siguran, samopouzdan i bri\u017ean roditelj. Nau\u010dit \u0107ete va\u017ene vje\u0161tine za sigurno rukovanje bebom, pobolj\u0161ati interakciju s djetetom i izgraditi sna\u017enu emocionalnu vezu. <\/p>\n<\/div><\/div>\n","protected":false},"excerpt":{"rendered":"<p>Baby handling odnosi se na&nbsp;ispravno&nbsp;postupanje pri svim aktivnostima s djetetom &#8211; podizanje, spu\u0161tanje, previjanje,&nbsp;hranjenje, dr\u017eanje, no\u0161enje i presvla\u010denje bebe. U&nbsp;prva tri bebina mjeseca&nbsp;vrlo je&nbsp;va\u017eno pravilno dr\u017eati novoro\u0111en\u010de na rukama kako &hellip; <\/p>\n","protected":false},"author":1,"featured_media":0,"parent":0,"menu_order":0,"comment_status":"closed","ping_status":"closed","template":"","meta":[],"yoast_head":"<!-- This site is optimized with the Yoast SEO plugin v19.14 - https:\/\/yoast.com\/wordpress\/plugins\/seo\/ -->\n<title>Baby handling -<\/title>\n<meta name=\"description\" content=\"Na baby handling edukaciji nau\u010dit \u0107ete va\u017ene vje\u0161tine za sigurno rukovanje bebom i izgradnju sna\u017ene emocionalne veze.\" \/>\n<meta name=\"robots\" content=\"index, follow, max-snippet:-1, max-image-preview:large, max-video-preview:-1\" \/>\n<link rel=\"canonical\" href=\"https:\/\/rehaana.hr\/?page_id=54\" \/>\n<meta property=\"og:locale\" content=\"en_US\" \/>\n<meta property=\"og:type\" content=\"article\" \/>\n<meta property=\"og:title\" content=\"Baby handling -\" \/>\n<meta property=\"og:description\" content=\"Na baby handling edukaciji nau\u010dit \u0107ete va\u017ene vje\u0161tine za sigurno rukovanje bebom i izgradnju sna\u017ene emocionalne veze.\" \/>\n<meta property=\"og:url\" content=\"https:\/\/rehaana.hr\/?page_id=54\" \/>\n<meta property=\"article:modified_time\" content=\"2023-06-27T12:55:21+00:00\" \/>\n<meta property=\"og:image\" content=\"https:\/\/rehaana.hr\/wp-content\/uploads\/2023\/06\/IMG_75-1-682x1024.jpg\" \/>\n<meta name=\"twitter:card\" content=\"summary_large_image\" \/>\n<meta name=\"twitter:label1\" content=\"Est. reading time\" \/>\n\t<meta name=\"twitter:data1\" content=\"1 minute\" \/>\n<script type=\"application\/ld+json\" class=\"yoast-schema-graph\">{\"@context\":\"https:\/\/schema.org\",\"@graph\":[{\"@type\":\"WebPage\",\"@id\":\"https:\/\/rehaana.hr\/?page_id=54\",\"url\":\"https:\/\/rehaana.hr\/?page_id=54\",\"name\":\"Baby handling -\",\"isPartOf\":{\"@id\":\"https:\/\/rehaana.hr\/#website\"},\"datePublished\":\"2023-06-27T12:55:20+00:00\",\"dateModified\":\"2023-06-27T12:55:21+00:00\",\"description\":\"Na baby handling edukaciji nau\u010dit \u0107ete va\u017ene vje\u0161tine za sigurno rukovanje bebom i izgradnju sna\u017ene emocionalne veze.\",\"breadcrumb\":{\"@id\":\"https:\/\/rehaana.hr\/?page_id=54#breadcrumb\"},\"inLanguage\":\"en-US\",\"potentialAction\":[{\"@type\":\"ReadAction\",\"target\":[\"https:\/\/rehaana.hr\/?page_id=54\"]}]},{\"@type\":\"BreadcrumbList\",\"@id\":\"https:\/\/rehaana.hr\/?page_id=54#breadcrumb\",\"itemListElement\":[{\"@type\":\"ListItem\",\"position\":1,\"name\":\"Home\",\"item\":\"https:\/\/rehaana.hr\/\"},{\"@type\":\"ListItem\",\"position\":2,\"name\":\"Baby handling\"}]},{\"@type\":\"WebSite\",\"@id\":\"https:\/\/rehaana.hr\/#website\",\"url\":\"https:\/\/rehaana.hr\/\",\"name\":\"\",\"description\":\"\",\"potentialAction\":[{\"@type\":\"SearchAction\",\"target\":{\"@type\":\"EntryPoint\",\"urlTemplate\":\"https:\/\/rehaana.hr\/?s={search_term_string}\"},\"query-input\":\"required name=search_term_string\"}],\"inLanguage\":\"en-US\"},{\"@type\":\"Person\",\"@id\":\"https:\/\/rehaana.hr\/#\/schema\/person\/5092e30e902fb99ad3c71e85a11e2d0d\",\"name\":\"admin\",\"image\":{\"@type\":\"ImageObject\",\"inLanguage\":\"en-US\",\"@id\":\"https:\/\/rehaana.hr\/#\/schema\/person\/image\/\",\"url\":\"https:\/\/secure.gravatar.com\/avatar\/ee7da393ad3237b67bfd65ee1fa11eb6?s=96&d=mm&r=g\",\"contentUrl\":\"https:\/\/secure.gravatar.com\/avatar\/ee7da393ad3237b67bfd65ee1fa11eb6?s=96&d=mm&r=g\",\"caption\":\"admin\"},\"sameAs\":[\"https:\/\/rehaana.hr\"],\"url\":\"https:\/\/rehaana.hr\/?author=1\"}]}<\/script>\n<!-- \/ Yoast SEO plugin. -->","yoast_head_json":{"title":"Baby handling -","description":"Na baby handling edukaciji nau\u010dit \u0107ete va\u017ene vje\u0161tine za sigurno rukovanje bebom i izgradnju sna\u017ene emocionalne veze.","robots":{"index":"index","follow":"follow","max-snippet":"max-snippet:-1","max-image-preview":"max-image-preview:large","max-video-preview":"max-video-preview:-1"},"canonical":"https:\/\/rehaana.hr\/?page_id=54","og_locale":"en_US","og_type":"article","og_title":"Baby handling -","og_description":"Na baby handling edukaciji nau\u010dit \u0107ete va\u017ene vje\u0161tine za sigurno rukovanje bebom i izgradnju sna\u017ene emocionalne veze.","og_url":"https:\/\/rehaana.hr\/?page_id=54","article_modified_time":"2023-06-27T12:55:21+00:00","og_image":[{"url":"https:\/\/rehaana.hr\/wp-content\/uploads\/2023\/06\/IMG_75-1-682x1024.jpg"}],"twitter_card":"summary_large_image","twitter_misc":{"Est. reading time":"1 minute"},"schema":{"@context":"https:\/\/schema.org","@graph":[{"@type":"WebPage","@id":"https:\/\/rehaana.hr\/?page_id=54","url":"https:\/\/rehaana.hr\/?page_id=54","name":"Baby handling -","isPartOf":{"@id":"https:\/\/rehaana.hr\/#website"},"datePublished":"2023-06-27T12:55:20+00:00","dateModified":"2023-06-27T12:55:21+00:00","description":"Na baby handling edukaciji nau\u010dit \u0107ete va\u017ene vje\u0161tine za sigurno rukovanje bebom i izgradnju sna\u017ene emocionalne veze.","breadcrumb":{"@id":"https:\/\/rehaana.hr\/?page_id=54#breadcrumb"},"inLanguage":"en-US","potentialAction":[{"@type":"ReadAction","target":["https:\/\/rehaana.hr\/?page_id=54"]}]},{"@type":"BreadcrumbList","@id":"https:\/\/rehaana.hr\/?page_id=54#breadcrumb","itemListElement":[{"@type":"ListItem","position":1,"name":"Home","item":"https:\/\/rehaana.hr\/"},{"@type":"ListItem","position":2,"name":"Baby handling"}]},{"@type":"WebSite","@id":"https:\/\/rehaana.hr\/#website","url":"https:\/\/rehaana.hr\/","name":"","description":"","potentialAction":[{"@type":"SearchAction","target":{"@type":"EntryPoint","urlTemplate":"https:\/\/rehaana.hr\/?s={search_term_string}"},"query-input":"required name=search_term_string"}],"inLanguage":"en-US"},{"@type":"Person","@id":"https:\/\/rehaana.hr\/#\/schema\/person\/5092e30e902fb99ad3c71e85a11e2d0d","name":"admin","image":{"@type":"ImageObject","inLanguage":"en-US","@id":"https:\/\/rehaana.hr\/#\/schema\/person\/image\/","url":"https:\/\/secure.gravatar.com\/avatar\/ee7da393ad3237b67bfd65ee1fa11eb6?s=96&d=mm&r=g","contentUrl":"https:\/\/secure.gravatar.com\/avatar\/ee7da393ad3237b67bfd65ee1fa11eb6?s=96&d=mm&r=g","caption":"admin"},"sameAs":["https:\/\/rehaana.hr"],"url":"https:\/\/rehaana.hr\/?author=1"}]}},"_links":{"self":[{"href":"https:\/\/rehaana.hr\/index.php?rest_route=\/wp\/v2\/pages\/54"}],"collection":[{"href":"https:\/\/rehaana.hr\/index.php?rest_route=\/wp\/v2\/pages"}],"about":[{"href":"https:\/\/rehaana.hr\/index.php?rest_route=\/wp\/v2\/types\/page"}],"author":[{"embeddable":true,"href":"https:\/\/rehaana.hr\/index.php?rest_route=\/wp\/v2\/users\/1"}],"replies":[{"embeddable":true,"href":"https:\/\/rehaana.hr\/index.php?rest_route=%2Fwp%2Fv2%2Fcomments&post=54"}],"version-history":[{"count":8,"href":"https:\/\/rehaana.hr\/index.php?rest_route=\/wp\/v2\/pages\/54\/revisions"}],"predecessor-version":[{"id":69,"href":"https:\/\/rehaana.hr\/index.php?rest_route=\/wp\/v2\/pages\/54\/revisions\/69"}],"wp:attachment":[{"href":"https:\/\/rehaana.hr\/index.php?rest_route=%2Fwp%2Fv2%2Fmedia&parent=54"}],"curies":[{"name":"wp","href":"https:\/\/api.w.org\/{rel}","templated":true}]}}