{"id":78,"date":"2023-06-27T15:05:39","date_gmt":"2023-06-27T15:05:39","guid":{"rendered":"https:\/\/rehaana.hr\/?page_id=78"},"modified":"2023-06-28T15:24:44","modified_gmt":"2023-06-28T15:24:44","slug":"limfna-drenaza","status":"publish","type":"page","link":"https:\/\/rehaana.hr\/?page_id=78","title":{"rendered":"Limfna drena\u017ea"},"content":{"rendered":"\n<div class=\"wp-block-media-text alignwide is-stacked-on-mobile\"><figure class=\"wp-block-media-text__media\"><img decoding=\"async\" loading=\"lazy\" width=\"683\" height=\"1024\" src=\"https:\/\/rehaana.hr\/wp-content\/uploads\/2023\/06\/IMG_7671-683x1024.jpg\" alt=\"\" class=\"wp-image-109 size-full\" srcset=\"https:\/\/rehaana.hr\/wp-content\/uploads\/2023\/06\/IMG_7671-683x1024.jpg 683w, https:\/\/rehaana.hr\/wp-content\/uploads\/2023\/06\/IMG_7671-200x300.jpg 200w, https:\/\/rehaana.hr\/wp-content\/uploads\/2023\/06\/IMG_7671-768x1152.jpg 768w, https:\/\/rehaana.hr\/wp-content\/uploads\/2023\/06\/IMG_7671-40x60.jpg 40w, https:\/\/rehaana.hr\/wp-content\/uploads\/2023\/06\/IMG_7671.jpg 1000w\" sizes=\"(max-width: 683px) 100vw, 683px\" \/><\/figure><div class=\"wp-block-media-text__content\">\n<p>Limfna drena\u017ea je terapijska tehnika koja se koristi za poticanje protoka limfe, teku\u0107ine koja igra klju\u010dnu ulogu u odr\u017eavanju zdravlja i imunolo\u0161kog sustava. Manualna limfna drena\u017ea je nje\u017ena masa\u017ena tehnika koja se izvodi ru\u010dno kako bi se stimulirao protok limfe i eliminirali toksini iz tijela. Ova tehnika ima mnoge terapijske i preventivne dobrobiti za tijelo.<\/p>\n\n\n\n<p>Manualna limfna drena\u017ea se provodi laganim, ritmi\u010dkim pokretima koji slijede prirodan smjer protoka limfe kroz limfne \u017eile i \u010dvorove. Terapeut koristi nje\u017ean pritisak i pomi\u010dne pokrete koji poti\u010du limfni protok i poma\u017eu u eliminaciji vi\u0161ka teku\u0107ine, toksina i otpadnih produkata iz tkiva.<\/p>\n\n\n\n<p>Terapijska primjena limfne drena\u017ee uklju\u010duje potporu rehabilitaciji nakon operacija, poticanje imunolo\u0161kog sustava uklanjanjem toksina i otpadnih produkata, te smanjenje edema ili otoka uzrokovanih zadr\u017eavanjem teku\u0107ine.<\/p>\n\n\n\n<p>Limfnu drena\u017eu mo\u017eemo primjenjivati i preventivno -za detoksikaciju tijela, pobolj\u0161anje izgleda ko\u017ee i potporu op\u0107em zdravlju.<\/p>\n\n\n\n<p>Va\u017eno je napomenuti da se manualna limfna drena\u017ea treba provoditi od strane profesionalnog terapeuta koji \u0107e pravilno izvoditi tehniku i prilagoditi je individualnim potrebama svakog klijenta. Redovito provo\u0111enje limfne drena\u017ee mo\u017ee pru\u017eiti brojne terapijske i preventivne dobrobiti, podr\u017eavaju\u0107i zdravlje, vitalnost i op\u0107e blagostanje tijela.<\/p>\n<\/div><\/div>\n","protected":false},"excerpt":{"rendered":"<p>Limfna drena\u017ea je terapijska tehnika koja se koristi za poticanje protoka limfe, teku\u0107ine koja igra klju\u010dnu ulogu u odr\u017eavanju zdravlja i imunolo\u0161kog sustava. Manualna limfna drena\u017ea je nje\u017ena masa\u017ena tehnika &hellip; <\/p>\n","protected":false},"author":1,"featured_media":0,"parent":0,"menu_order":0,"comment_status":"closed","ping_status":"closed","template":"","meta":[],"yoast_head":"<!-- This site is optimized with the Yoast SEO plugin v19.14 - https:\/\/yoast.com\/wordpress\/plugins\/seo\/ -->\n<title>Limfna drena\u017ea -<\/title>\n<meta name=\"robots\" content=\"index, follow, max-snippet:-1, max-image-preview:large, max-video-preview:-1\" \/>\n<link rel=\"canonical\" href=\"https:\/\/rehaana.hr\/?page_id=78\" \/>\n<meta property=\"og:locale\" content=\"en_US\" \/>\n<meta property=\"og:type\" content=\"article\" \/>\n<meta property=\"og:title\" content=\"Limfna drena\u017ea -\" \/>\n<meta property=\"og:description\" content=\"Limfna drena\u017ea je terapijska tehnika koja se koristi za poticanje protoka limfe, teku\u0107ine koja igra klju\u010dnu ulogu u odr\u017eavanju zdravlja i imunolo\u0161kog sustava. Manualna limfna drena\u017ea je nje\u017ena masa\u017ena tehnika &hellip;\" \/>\n<meta property=\"og:url\" content=\"https:\/\/rehaana.hr\/?page_id=78\" \/>\n<meta property=\"article:modified_time\" content=\"2023-06-28T15:24:44+00:00\" \/>\n<meta property=\"og:image\" content=\"https:\/\/rehaana.hr\/wp-content\/uploads\/2023\/06\/IMG_7671-683x1024.jpg\" \/>\n<meta name=\"twitter:card\" content=\"summary_large_image\" \/>\n<meta name=\"twitter:label1\" content=\"Est. reading time\" \/>\n\t<meta name=\"twitter:data1\" content=\"1 minute\" \/>\n<script type=\"application\/ld+json\" class=\"yoast-schema-graph\">{\"@context\":\"https:\/\/schema.org\",\"@graph\":[{\"@type\":\"WebPage\",\"@id\":\"https:\/\/rehaana.hr\/?page_id=78\",\"url\":\"https:\/\/rehaana.hr\/?page_id=78\",\"name\":\"Limfna drena\u017ea -\",\"isPartOf\":{\"@id\":\"https:\/\/rehaana.hr\/#website\"},\"datePublished\":\"2023-06-27T15:05:39+00:00\",\"dateModified\":\"2023-06-28T15:24:44+00:00\",\"breadcrumb\":{\"@id\":\"https:\/\/rehaana.hr\/?page_id=78#breadcrumb\"},\"inLanguage\":\"en-US\",\"potentialAction\":[{\"@type\":\"ReadAction\",\"target\":[\"https:\/\/rehaana.hr\/?page_id=78\"]}]},{\"@type\":\"BreadcrumbList\",\"@id\":\"https:\/\/rehaana.hr\/?page_id=78#breadcrumb\",\"itemListElement\":[{\"@type\":\"ListItem\",\"position\":1,\"name\":\"Home\",\"item\":\"https:\/\/rehaana.hr\/\"},{\"@type\":\"ListItem\",\"position\":2,\"name\":\"Limfna drena\u017ea\"}]},{\"@type\":\"WebSite\",\"@id\":\"https:\/\/rehaana.hr\/#website\",\"url\":\"https:\/\/rehaana.hr\/\",\"name\":\"\",\"description\":\"\",\"potentialAction\":[{\"@type\":\"SearchAction\",\"target\":{\"@type\":\"EntryPoint\",\"urlTemplate\":\"https:\/\/rehaana.hr\/?s={search_term_string}\"},\"query-input\":\"required name=search_term_string\"}],\"inLanguage\":\"en-US\"}]}<\/script>\n<!-- \/ Yoast SEO plugin. -->","yoast_head_json":{"title":"Limfna drena\u017ea -","robots":{"index":"index","follow":"follow","max-snippet":"max-snippet:-1","max-image-preview":"max-image-preview:large","max-video-preview":"max-video-preview:-1"},"canonical":"https:\/\/rehaana.hr\/?page_id=78","og_locale":"en_US","og_type":"article","og_title":"Limfna drena\u017ea -","og_description":"Limfna drena\u017ea je terapijska tehnika koja se koristi za poticanje protoka limfe, teku\u0107ine koja igra klju\u010dnu ulogu u odr\u017eavanju zdravlja i imunolo\u0161kog sustava. Manualna limfna drena\u017ea je nje\u017ena masa\u017ena tehnika &hellip;","og_url":"https:\/\/rehaana.hr\/?page_id=78","article_modified_time":"2023-06-28T15:24:44+00:00","og_image":[{"url":"https:\/\/rehaana.hr\/wp-content\/uploads\/2023\/06\/IMG_7671-683x1024.jpg"}],"twitter_card":"summary_large_image","twitter_misc":{"Est. reading time":"1 minute"},"schema":{"@context":"https:\/\/schema.org","@graph":[{"@type":"WebPage","@id":"https:\/\/rehaana.hr\/?page_id=78","url":"https:\/\/rehaana.hr\/?page_id=78","name":"Limfna drena\u017ea -","isPartOf":{"@id":"https:\/\/rehaana.hr\/#website"},"datePublished":"2023-06-27T15:05:39+00:00","dateModified":"2023-06-28T15:24:44+00:00","breadcrumb":{"@id":"https:\/\/rehaana.hr\/?page_id=78#breadcrumb"},"inLanguage":"en-US","potentialAction":[{"@type":"ReadAction","target":["https:\/\/rehaana.hr\/?page_id=78"]}]},{"@type":"BreadcrumbList","@id":"https:\/\/rehaana.hr\/?page_id=78#breadcrumb","itemListElement":[{"@type":"ListItem","position":1,"name":"Home","item":"https:\/\/rehaana.hr\/"},{"@type":"ListItem","position":2,"name":"Limfna drena\u017ea"}]},{"@type":"WebSite","@id":"https:\/\/rehaana.hr\/#website","url":"https:\/\/rehaana.hr\/","name":"","description":"","potentialAction":[{"@type":"SearchAction","target":{"@type":"EntryPoint","urlTemplate":"https:\/\/rehaana.hr\/?s={search_term_string}"},"query-input":"required name=search_term_string"}],"inLanguage":"en-US"}]}},"_links":{"self":[{"href":"https:\/\/rehaana.hr\/index.php?rest_route=\/wp\/v2\/pages\/78"}],"collection":[{"href":"https:\/\/rehaana.hr\/index.php?rest_route=\/wp\/v2\/pages"}],"about":[{"href":"https:\/\/rehaana.hr\/index.php?rest_route=\/wp\/v2\/types\/page"}],"author":[{"embeddable":true,"href":"https:\/\/rehaana.hr\/index.php?rest_route=\/wp\/v2\/users\/1"}],"replies":[{"embeddable":true,"href":"https:\/\/rehaana.hr\/index.php?rest_route=%2Fwp%2Fv2%2Fcomments&post=78"}],"version-history":[{"count":4,"href":"https:\/\/rehaana.hr\/index.php?rest_route=\/wp\/v2\/pages\/78\/revisions"}],"predecessor-version":[{"id":110,"href":"https:\/\/rehaana.hr\/index.php?rest_route=\/wp\/v2\/pages\/78\/revisions\/110"}],"wp:attachment":[{"href":"https:\/\/rehaana.hr\/index.php?rest_route=%2Fwp%2Fv2%2Fmedia&parent=78"}],"curies":[{"name":"wp","href":"https:\/\/api.w.org\/{rel}","templated":true}]}}