{"id":89,"date":"2023-06-27T15:47:13","date_gmt":"2023-06-27T15:47:13","guid":{"rendered":"https:\/\/rehaana.hr\/?page_id=89"},"modified":"2023-07-04T13:25:32","modified_gmt":"2023-07-04T13:25:32","slug":"bobath-terapija","status":"publish","type":"page","link":"https:\/\/rehaana.hr\/?page_id=89","title":{"rendered":"Bobath terapija"},"content":{"rendered":"\n<div class=\"wp-block-media-text alignwide is-stacked-on-mobile\"><figure class=\"wp-block-media-text__media\"><img decoding=\"async\" loading=\"lazy\" width=\"683\" height=\"1024\" src=\"https:\/\/rehaana.hr\/wp-content\/uploads\/2023\/07\/IMG_7575-683x1024.jpg\" alt=\"\" class=\"wp-image-136 size-full\" srcset=\"https:\/\/rehaana.hr\/wp-content\/uploads\/2023\/07\/IMG_7575-683x1024.jpg 683w, https:\/\/rehaana.hr\/wp-content\/uploads\/2023\/07\/IMG_7575-200x300.jpg 200w, https:\/\/rehaana.hr\/wp-content\/uploads\/2023\/07\/IMG_7575-768x1152.jpg 768w, https:\/\/rehaana.hr\/wp-content\/uploads\/2023\/07\/IMG_7575-40x60.jpg 40w, https:\/\/rehaana.hr\/wp-content\/uploads\/2023\/07\/IMG_7575.jpg 1000w\" sizes=\"(max-width: 683px) 100vw, 683px\" \/><\/figure><div class=\"wp-block-media-text__content\">\n<p>Rehabilitacija prema Bobath konceptu je holisti\u010dki pristup u rehabilitaciji osoba s neurolo\u0161kim poreme\u0107ajima. Ova terapijska metoda temelji se na principima senzomotorne kontrole i poti\u010de optimalno funkcioniranje mi\u0161i\u0107no-ko\u0161tanog sustava kod osoba s o\u0161te\u0107enjem sredi\u0161njeg \u017eiv\u010danog sustava.<\/p>\n\n\n\n<p>Bobath terapija koristi individualizirane terapijske tehnike i strategije kako bi pomogla pacijentima u pobolj\u0161anju pokreta, ravnote\u017ee, koordinacije i funkcionalnosti. Terapeut obu\u010den Bobath konceptu prati promjene u tonusu mi\u0161i\u0107a, motori\u010dkim obrascima i senzacijama te prilago\u0111ava terapiju prema specifi\u010dnim potrebama svakog pacijenta.<\/p>\n\n\n\n<p>Primjena Bobath terapije uklju\u010duje kori\u0161tenje razli\u010ditih tehnika i polo\u017eaja kako bi potaknuli normalan uzorak pokreta kod pacijenta, fokusira se na pobolj\u0161anje ravnote\u017ee i koordinacije kod pacijenata te smanjivanje rizika od padova, te na pobolj\u0161anje funkcionalnosti pacijenta u svakodnevnim aktivnostima. <\/p>\n\n\n\n<p>Bobath terapeut tako\u0111er pru\u017ea edukaciju pacijentima i njihovim obiteljima o va\u017enosti kontinuirane vje\u017ebe i samostalne prakse kako bi se postigli optimalni rezultati rehabilitacije. Pacijent aktivno sudjeluje u svojoj rehabilitaciji i posti\u017ee dugoro\u010dne promjene.<\/p>\n\n\n\n<p>Bobath terapija je individualizirani pristup koji se prilago\u0111ava potrebama svakog pacijenta. Kombiniraju\u0107i razli\u010dite terapijske tehnike i strategije, ova metoda ima za cilj pobolj\u0161ati kvalitetu \u017eivota pacijenata s neurolo\u0161kim poreme\u0107ajima te im omogu\u0107iti ve\u0107u neovisnost i funkcionalnost u svakodnevnom \u017eivotu.<\/p>\n<\/div><\/div>\n","protected":false},"excerpt":{"rendered":"<p>Rehabilitacija prema Bobath konceptu je holisti\u010dki pristup u rehabilitaciji osoba s neurolo\u0161kim poreme\u0107ajima. Ova terapijska metoda temelji se na principima senzomotorne kontrole i poti\u010de optimalno funkcioniranje mi\u0161i\u0107no-ko\u0161tanog sustava kod osoba &hellip; <\/p>\n","protected":false},"author":1,"featured_media":0,"parent":0,"menu_order":0,"comment_status":"closed","ping_status":"closed","template":"","meta":[],"yoast_head":"<!-- This site is optimized with the Yoast SEO plugin v19.14 - https:\/\/yoast.com\/wordpress\/plugins\/seo\/ -->\n<title>Bobath terapija -<\/title>\n<meta name=\"description\" content=\"Rehabilitacija prema Bobath konceptu je holisti\u010dki pristup u rehabilitaciji osoba s neurolo\u0161kim poreme\u0107ajima.\" \/>\n<meta name=\"robots\" content=\"index, follow, max-snippet:-1, max-image-preview:large, max-video-preview:-1\" \/>\n<link rel=\"canonical\" href=\"https:\/\/rehaana.hr\/?page_id=89\" \/>\n<meta property=\"og:locale\" content=\"en_US\" \/>\n<meta property=\"og:type\" content=\"article\" \/>\n<meta property=\"og:title\" content=\"Bobath terapija -\" \/>\n<meta property=\"og:description\" content=\"Rehabilitacija prema Bobath konceptu je holisti\u010dki pristup u rehabilitaciji osoba s neurolo\u0161kim poreme\u0107ajima.\" \/>\n<meta property=\"og:url\" content=\"https:\/\/rehaana.hr\/?page_id=89\" \/>\n<meta property=\"article:modified_time\" content=\"2023-07-04T13:25:32+00:00\" \/>\n<meta property=\"og:image\" content=\"https:\/\/rehaana.hr\/wp-content\/uploads\/2023\/07\/IMG_7575-683x1024.jpg\" \/>\n<meta name=\"twitter:card\" content=\"summary_large_image\" \/>\n<meta name=\"twitter:label1\" content=\"Est. reading time\" \/>\n\t<meta name=\"twitter:data1\" content=\"1 minute\" \/>\n<script type=\"application\/ld+json\" class=\"yoast-schema-graph\">{\"@context\":\"https:\/\/schema.org\",\"@graph\":[{\"@type\":\"WebPage\",\"@id\":\"https:\/\/rehaana.hr\/?page_id=89\",\"url\":\"https:\/\/rehaana.hr\/?page_id=89\",\"name\":\"Bobath terapija -\",\"isPartOf\":{\"@id\":\"https:\/\/rehaana.hr\/#website\"},\"datePublished\":\"2023-06-27T15:47:13+00:00\",\"dateModified\":\"2023-07-04T13:25:32+00:00\",\"description\":\"Rehabilitacija prema Bobath konceptu je holisti\u010dki pristup u rehabilitaciji osoba s neurolo\u0161kim poreme\u0107ajima.\",\"breadcrumb\":{\"@id\":\"https:\/\/rehaana.hr\/?page_id=89#breadcrumb\"},\"inLanguage\":\"en-US\",\"potentialAction\":[{\"@type\":\"ReadAction\",\"target\":[\"https:\/\/rehaana.hr\/?page_id=89\"]}]},{\"@type\":\"BreadcrumbList\",\"@id\":\"https:\/\/rehaana.hr\/?page_id=89#breadcrumb\",\"itemListElement\":[{\"@type\":\"ListItem\",\"position\":1,\"name\":\"Home\",\"item\":\"https:\/\/rehaana.hr\/\"},{\"@type\":\"ListItem\",\"position\":2,\"name\":\"Bobath terapija\"}]},{\"@type\":\"WebSite\",\"@id\":\"https:\/\/rehaana.hr\/#website\",\"url\":\"https:\/\/rehaana.hr\/\",\"name\":\"\",\"description\":\"\",\"potentialAction\":[{\"@type\":\"SearchAction\",\"target\":{\"@type\":\"EntryPoint\",\"urlTemplate\":\"https:\/\/rehaana.hr\/?s={search_term_string}\"},\"query-input\":\"required name=search_term_string\"}],\"inLanguage\":\"en-US\"}]}<\/script>\n<!-- \/ Yoast SEO plugin. -->","yoast_head_json":{"title":"Bobath terapija -","description":"Rehabilitacija prema Bobath konceptu je holisti\u010dki pristup u rehabilitaciji osoba s neurolo\u0161kim poreme\u0107ajima.","robots":{"index":"index","follow":"follow","max-snippet":"max-snippet:-1","max-image-preview":"max-image-preview:large","max-video-preview":"max-video-preview:-1"},"canonical":"https:\/\/rehaana.hr\/?page_id=89","og_locale":"en_US","og_type":"article","og_title":"Bobath terapija -","og_description":"Rehabilitacija prema Bobath konceptu je holisti\u010dki pristup u rehabilitaciji osoba s neurolo\u0161kim poreme\u0107ajima.","og_url":"https:\/\/rehaana.hr\/?page_id=89","article_modified_time":"2023-07-04T13:25:32+00:00","og_image":[{"url":"https:\/\/rehaana.hr\/wp-content\/uploads\/2023\/07\/IMG_7575-683x1024.jpg"}],"twitter_card":"summary_large_image","twitter_misc":{"Est. reading time":"1 minute"},"schema":{"@context":"https:\/\/schema.org","@graph":[{"@type":"WebPage","@id":"https:\/\/rehaana.hr\/?page_id=89","url":"https:\/\/rehaana.hr\/?page_id=89","name":"Bobath terapija -","isPartOf":{"@id":"https:\/\/rehaana.hr\/#website"},"datePublished":"2023-06-27T15:47:13+00:00","dateModified":"2023-07-04T13:25:32+00:00","description":"Rehabilitacija prema Bobath konceptu je holisti\u010dki pristup u rehabilitaciji osoba s neurolo\u0161kim poreme\u0107ajima.","breadcrumb":{"@id":"https:\/\/rehaana.hr\/?page_id=89#breadcrumb"},"inLanguage":"en-US","potentialAction":[{"@type":"ReadAction","target":["https:\/\/rehaana.hr\/?page_id=89"]}]},{"@type":"BreadcrumbList","@id":"https:\/\/rehaana.hr\/?page_id=89#breadcrumb","itemListElement":[{"@type":"ListItem","position":1,"name":"Home","item":"https:\/\/rehaana.hr\/"},{"@type":"ListItem","position":2,"name":"Bobath terapija"}]},{"@type":"WebSite","@id":"https:\/\/rehaana.hr\/#website","url":"https:\/\/rehaana.hr\/","name":"","description":"","potentialAction":[{"@type":"SearchAction","target":{"@type":"EntryPoint","urlTemplate":"https:\/\/rehaana.hr\/?s={search_term_string}"},"query-input":"required name=search_term_string"}],"inLanguage":"en-US"}]}},"_links":{"self":[{"href":"https:\/\/rehaana.hr\/index.php?rest_route=\/wp\/v2\/pages\/89"}],"collection":[{"href":"https:\/\/rehaana.hr\/index.php?rest_route=\/wp\/v2\/pages"}],"about":[{"href":"https:\/\/rehaana.hr\/index.php?rest_route=\/wp\/v2\/types\/page"}],"author":[{"embeddable":true,"href":"https:\/\/rehaana.hr\/index.php?rest_route=\/wp\/v2\/users\/1"}],"replies":[{"embeddable":true,"href":"https:\/\/rehaana.hr\/index.php?rest_route=%2Fwp%2Fv2%2Fcomments&post=89"}],"version-history":[{"count":3,"href":"https:\/\/rehaana.hr\/index.php?rest_route=\/wp\/v2\/pages\/89\/revisions"}],"predecessor-version":[{"id":144,"href":"https:\/\/rehaana.hr\/index.php?rest_route=\/wp\/v2\/pages\/89\/revisions\/144"}],"wp:attachment":[{"href":"https:\/\/rehaana.hr\/index.php?rest_route=%2Fwp%2Fv2%2Fmedia&parent=89"}],"curies":[{"name":"wp","href":"https:\/\/api.w.org\/{rel}","templated":true}]}}